{"id":147,"date":"2025-11-23T16:54:12","date_gmt":"2025-11-23T15:54:12","guid":{"rendered":"https:\/\/projektperfekt.pl\/index.php\/home\/"},"modified":"2026-03-03T20:58:25","modified_gmt":"2026-03-03T19:58:25","slug":"home","status":"publish","type":"page","link":"https:\/\/projektperfekt.pl\/","title":{"rendered":"Home"},"content":{"rendered":"\t\t<div data-elementor-type=\"wp-page\" data-elementor-id=\"147\" class=\"elementor elementor-147\" data-elementor-post-type=\"page\">\n\t\t\t\t<div class=\"elementor-element elementor-element-ea84f52 e-con-full e-flex e-con e-parent\" data-id=\"ea84f52\" data-element_type=\"container\" data-settings=\"{&quot;background_background&quot;:&quot;classic&quot;}\">\n\t\t\t\t<div class=\"elementor-element elementor-element-2f4eceb elementor-widget elementor-widget-image\" data-id=\"2f4eceb\" data-element_type=\"widget\" data-widget_type=\"image.default\">\n\t\t\t\t\t\t\t\t\t\t\t\t\t\t\t<img fetchpriority=\"high\" decoding=\"async\" width=\"2560\" height=\"731\" src=\"https:\/\/projektperfekt.pl\/wp-content\/uploads\/2026\/01\/AdobeStock_831591060-scaled.jpeg\" class=\"attachment-full size-full wp-image-302\" alt=\"\" srcset=\"https:\/\/projektperfekt.pl\/wp-content\/uploads\/2026\/01\/AdobeStock_831591060-scaled.jpeg 2560w, https:\/\/projektperfekt.pl\/wp-content\/uploads\/2026\/01\/AdobeStock_831591060-300x86.jpeg 300w, https:\/\/projektperfekt.pl\/wp-content\/uploads\/2026\/01\/AdobeStock_831591060-1024x293.jpeg 1024w, https:\/\/projektperfekt.pl\/wp-content\/uploads\/2026\/01\/AdobeStock_831591060-768x219.jpeg 768w, https:\/\/projektperfekt.pl\/wp-content\/uploads\/2026\/01\/AdobeStock_831591060-1536x439.jpeg 1536w, https:\/\/projektperfekt.pl\/wp-content\/uploads\/2026\/01\/AdobeStock_831591060-2048x585.jpeg 2048w\" sizes=\"(max-width: 2560px) 100vw, 2560px\" \/>\t\t\t\t\t\t\t\t\t\t\t\t\t\t\t<\/div>\n\t\t\t\t<div class=\"elementor-element elementor-element-4c951aa6 elementor-cta--layout-image-right elementor-cta--mobile-layout-image-above elementor-cta--tablet-layout-image-above elementor-cta--valign-middle elementor-cta--skin-classic elementor-animated-content elementor-bg-transform elementor-bg-transform-zoom-in elementor-widget elementor-widget-call-to-action\" data-id=\"4c951aa6\" data-element_type=\"widget\" data-widget_type=\"call-to-action.default\">\n\t\t\t\t\t\t\t<div class=\"elementor-cta\">\n\t\t\t\t\t<div class=\"elementor-cta__bg-wrapper\">\n\t\t\t\t<div class=\"elementor-cta__bg elementor-bg\" style=\"background-image: url(https:\/\/projektperfekt.pl\/wp-content\/uploads\/2026\/01\/DSC9644-scaled-e1768595635429.jpg);\" role=\"img\" aria-label=\"_DSC9644\"><\/div>\n\t\t\t\t<div class=\"elementor-cta__bg-overlay\"><\/div>\n\t\t\t<\/div>\n\t\t\t\t\t\t\t<div class=\"elementor-cta__content\">\n\t\t\t\t\n\t\t\t\t\t\t\t\t\t<h2 class=\"elementor-cta__title elementor-cta__content-item elementor-content-item\">\n\t\t\t\t\t\tO mnie...\t\t\t\t\t<\/h2>\n\t\t\t\t\n\t\t\t\t\t\t\t\t\t<div class=\"elementor-cta__description elementor-cta__content-item elementor-content-item\">\n\t\t\t\t\t\tOd ponad dekady wspieram firmy w osi\u0105ganiu ich cel\u00f3w strategicznych, oferuj\u0105c kompleksowe doradztwo oparte na solidnych fundamentach analitycznych i g\u0142\u0119bokiej wiedzy bran\u017cowej.\n<br \/><br \/>\nMoj\u0105 misj\u0105 jest dostarczanie praktycznych rozwi\u0105za\u0144, kt\u00f3re przynosz\u0105 wymierne korzy\u015bci moim klientom. \u0141\u0105cz\u0119 do\u015bwiadczenie z innowacyjnym podej\u015bciem, aby tworzy\u0107 strategie dostosowane do unikalnych potrzeb ka\u017cdej organizacji.\t\t\t\t\t<\/div>\n\t\t\t\t\n\t\t\t\t\t\t\t<\/div>\n\t\t\t\t\t\t<\/div>\n\t\t\t\t\t\t<\/div>\n\t\t\t\t<div class=\"elementor-element elementor-element-3551b216 elementor-cta--layout-image-left elementor-cta--mobile-layout-image-above elementor-cta--tablet-layout-image-above elementor-cta--skin-classic elementor-animated-content elementor-bg-transform elementor-bg-transform-zoom-in elementor-widget elementor-widget-call-to-action\" data-id=\"3551b216\" data-element_type=\"widget\" data-widget_type=\"call-to-action.default\">\n\t\t\t\t\t\t\t<div class=\"elementor-cta\">\n\t\t\t\t\t<div class=\"elementor-cta__bg-wrapper\">\n\t\t\t\t<div class=\"elementor-cta__bg elementor-bg\" style=\"background-image: url(https:\/\/projektperfekt.pl\/wp-content\/uploads\/2026\/01\/AdobeStock_751452914-scaled.jpeg);\" role=\"img\" aria-label=\"Business group meeting and business deal, double exposure with city skyline and office building in background\"><\/div>\n\t\t\t\t<div class=\"elementor-cta__bg-overlay\"><\/div>\n\t\t\t<\/div>\n\t\t\t\t\t\t\t<div class=\"elementor-cta__content\">\n\t\t\t\t\n\t\t\t\t\t\t\t\t\t<h2 class=\"elementor-cta__title elementor-cta__content-item elementor-content-item\">\n\t\t\t\t\t\tTw\u00f3j Partner w Rozwoju Biznesu\t\t\t\t\t<\/h2>\n\t\t\t\t\n\t\t\t\t\t\t\t\t\t<div class=\"elementor-cta__description elementor-cta__content-item elementor-content-item\">\n\t\t\t\t\t\tIndywidualnie, wed\u0142ug Twoich potrzeb przygotuj\u0119 rozwi\u0105zania poprzez strategiczne doradztwo, profesjonalny consulting. Finalnie osi\u0105gniesz wymierne rezultaty i zbudujesz przewag\u0119 na swoim lokalnym rynku.\t\t\t\t\t<\/div>\n\t\t\t\t\n\t\t\t\t\t\t\t<\/div>\n\t\t\t\t\t\t<\/div>\n\t\t\t\t\t\t<\/div>\n\t\t\t\t<div class=\"elementor-element elementor-element-4edfce13 elementor-cta--layout-image-right elementor-cta--mobile-layout-image-above elementor-cta--tablet-layout-image-above elementor-cta--skin-classic elementor-animated-content elementor-bg-transform elementor-bg-transform-zoom-in elementor-widget elementor-widget-call-to-action\" data-id=\"4edfce13\" data-element_type=\"widget\" data-widget_type=\"call-to-action.default\">\n\t\t\t\t\t\t\t<div class=\"elementor-cta\">\n\t\t\t\t\t<div class=\"elementor-cta__bg-wrapper\">\n\t\t\t\t<div class=\"elementor-cta__bg elementor-bg\" style=\"background-image: url(https:\/\/projektperfekt.pl\/wp-content\/uploads\/2025\/11\/Zrzut-ekranu-2025-11-23-o-20.22.03-scaled.png);\" role=\"img\" aria-label=\"Zrzut ekranu 2025-11-23 o 20.22.03\"><\/div>\n\t\t\t\t<div class=\"elementor-cta__bg-overlay\"><\/div>\n\t\t\t<\/div>\n\t\t\t\t\t\t\t<div class=\"elementor-cta__content\">\n\t\t\t\t\n\t\t\t\t\n\t\t\t\t\t\t\t\t\t<div class=\"elementor-cta__description elementor-cta__content-item elementor-content-item\">\n\t\t\t\t\t\t<div data-id=\"Pf5Rt\" data-options=\"{}\" data-image=\"{&quot;loadImageParams&quot;:{&quot;provider&quot;:&quot;fontawesome&quot;,&quot;query&quot;:&quot;briefcase&quot;,&quot;options&quot;:{&quot;license&quot;:&quot;All&quot;}},&quot;loadImageStatus&quot;:&quot;done&quot;,&quot;loadImageId&quot;:&quot;CxSzF&quot;,&quot;source&quot;:&quot;image.icon&quot;,&quot;src&quot;:&quot;https:\/\/cdn.gamma.app\/_app_static\/icons\/v0\/briefcase.svg&quot;,&quot;tempUrl&quot;:&quot;&quot;,&quot;meta&quot;:{&quot;height&quot;:512,&quot;width&quot;:512},&quot;query&quot;:&quot;briefcase&quot;,&quot;uploadStatus&quot;:3}\" style=\"white-space: normal\"><h4 style=\"text-align: center\">Doradztwo biznesowe<\/h4><\/div><span style=\"font-family: inherit;font-size: inherit;font-style: inherit;text-align: center;white-space: normal;letter-spacing: var(--theme-letter-spacing);text-transform: var(--theme-text-transform);text-decoration: var(--theme-text-decoration)\">Kompleksowe wsparcie dla firm ka\u017cdej wielko\u015bci, obejmuj\u0105ce analiz\u0119 sytuacji, identyfikacj\u0119 wyzwa\u0144 i mo\u017cliwo\u015bci oraz opracowanie planu dzia\u0142ania dostosowanego do specyfiki organizacji.<\/span><div><br><\/div><div><\/div><div data-id=\"Ec8js\" data-options=\"{}\" data-image=\"{&quot;loadImageParams&quot;:{&quot;provider&quot;:&quot;fontawesome&quot;,&quot;query&quot;:&quot;cogs&quot;,&quot;options&quot;:{&quot;license&quot;:&quot;All&quot;}},&quot;loadImageStatus&quot;:&quot;done&quot;,&quot;loadImageId&quot;:&quot;Iuclw&quot;,&quot;source&quot;:&quot;image.icon&quot;,&quot;src&quot;:&quot;https:\/\/cdn.gamma.app\/_app_static\/icons\/v0\/gear-complex.svg&quot;,&quot;tempUrl&quot;:&quot;&quot;,&quot;meta&quot;:{&quot;height&quot;:512,&quot;width&quot;:512},&quot;query&quot;:&quot;cogs&quot;,&quot;uploadStatus&quot;:3}\" style=\"white-space: normal\"><h4 style=\"text-align: center\">Consulting specjalistyczny<\/h4><\/div><span style=\"font-family: inherit;font-size: inherit;font-style: inherit;text-align: center;white-space: normal;letter-spacing: var(--theme-letter-spacing);text-transform: var(--theme-text-transform);text-decoration: var(--theme-text-decoration)\">Profesjonalne doradztwo w zakresie optymalizacji proces\u00f3w biznesowych, zwi\u0119kszania efektywno\u015bci operacyjnej i wdra\u017cania innowacyjnych rozwi\u0105za\u0144 usprawniaj\u0105cych funkcjonowanie firmy.<\/span><div><br><\/div><div><\/div><div data-id=\"E6Kzo\" data-options=\"{}\" data-image=\"{&quot;loadImageParams&quot;:{&quot;provider&quot;:&quot;fontawesome&quot;,&quot;query&quot;:&quot;chart-line&quot;,&quot;options&quot;:{&quot;license&quot;:&quot;All&quot;}},&quot;loadImageStatus&quot;:&quot;done&quot;,&quot;loadImageId&quot;:&quot;l-hN_&quot;,&quot;source&quot;:&quot;image.icon&quot;,&quot;src&quot;:&quot;https:\/\/cdn.gamma.app\/_app_static\/icons\/v0\/chart-line-up.svg&quot;,&quot;tempUrl&quot;:&quot;&quot;,&quot;meta&quot;:{&quot;height&quot;:512,&quot;width&quot;:512},&quot;query&quot;:&quot;chart-line&quot;,&quot;uploadStatus&quot;:3}\" data-pm-slice=\"2 2 [&quot;document&quot;,{&quot;aiOptions&quot;:{&quot;preserveLayouts&quot;:false,&quot;imageOptions&quot;:{&quot;license&quot;:&quot;All&quot;,&quot;provider&quot;:&quot;unsplash&quot;,&quot;model&quot;:&quot;flux-kontext-pro&quot;,&quot;stylePreset&quot;:&quot;Theme&quot;}},&quot;docId&quot;:&quot;5il49r4kb5u0j5w&quot;,&quot;background&quot;:{&quot;type&quot;:&quot;none&quot;},&quot;docFlags&quot;:{&quot;cardLayoutsEnabled&quot;:true},&quot;format&quot;:&quot;webpage&quot;,&quot;customCode&quot;:{},&quot;settings&quot;:{&quot;defaultFullBleed&quot;:&quot;full&quot;,&quot;stylesDerivedFrom&quot;:&quot;webpage_fluid&quot;,&quot;cardDimensions&quot;:&quot;fluid&quot;,&quot;verticalAlign&quot;:&quot;center&quot;,&quot;defaultContentWidth&quot;:&quot;md&quot;,&quot;fontSize&quot;:&quot;sm&quot;,&quot;scaleContentToFit&quot;:false,&quot;animationsEnabled&quot;:true},&quot;generateStatus&quot;:&quot;done&quot;,&quot;generateInfo&quot;:{&quot;interactionId&quot;:&quot;5gof0ly3rrygf5r&quot;,&quot;streamId&quot;:&quot;5il49r4kb5u0j5w&quot;,&quot;lastEventId&quot;:&quot;8&quot;,&quot;lastCompletedCardId&quot;:&quot;utyp32uj7uxcrib&quot;,&quot;lastCompletedCardIndex&quot;:7}},&quot;card&quot;,{&quot;id&quot;:&quot;lwcqth8w5b4jn6x&quot;,&quot;previewContent&quot;:null,&quot;background&quot;:{&quot;type&quot;:&quot;none&quot;},&quot;container&quot;:{},&quot;cardSize&quot;:&quot;default&quot;,&quot;layout&quot;:&quot;right&quot;,&quot;layoutTemplateColumns&quot;:&quot;62.5% 37.5%&quot;,&quot;layoutTemplateRows&quot;:null,&quot;verticalAlign&quot;:null,&quot;generatorInput&quot;:null,&quot;fontScale&quot;:null,&quot;cardMarginSettings&quot;:{},&quot;hidden&quot;:false},&quot;cardLayoutItem&quot;,{&quot;itemId&quot;:&quot;body&quot;},&quot;smartLayout&quot;,{&quot;variantKey&quot;:&quot;iconsText&quot;,&quot;options&quot;:{&quot;imagePosition&quot;:&quot;top&quot;,&quot;shapeSize&quot;:&quot;lg&quot;},&quot;fullWidthBlock&quot;:false}]\" style=\"white-space: normal\"><h4 style=\"text-align: center\">Budowanie strategii zakupowo sprzeda\u017cowych<\/h4><\/div><span style=\"font-family: inherit;font-size: inherit;font-style: inherit;text-align: center;white-space: normal;letter-spacing: var(--theme-letter-spacing);text-transform: var(--theme-text-transform);text-decoration: var(--theme-text-decoration)\">Budowanie i rozw\u00f3j skutecznych strategii, optymalizacja proces\u00f3w, szkolenia zespo\u0142\u00f3w handlowych oraz wdra\u017canie narz\u0119dzi zwi\u0119kszaj\u0105cych efektywno\u015b\u0107.<\/span><div><br><\/div><div><\/div><div data-id=\"DNh4s\" id=\"DNh4s\" data-options=\"{}\" data-image=\"{&quot;loadImageParams&quot;:{&quot;provider&quot;:&quot;fontawesome&quot;,&quot;query&quot;:&quot;users&quot;,&quot;options&quot;:{&quot;license&quot;:&quot;All&quot;}},&quot;loadImageStatus&quot;:&quot;done&quot;,&quot;loadImageId&quot;:&quot;jfuQX&quot;,&quot;source&quot;:&quot;image.icon&quot;,&quot;src&quot;:&quot;https:\/\/cdn.gamma.app\/_app_static\/icons\/v0\/user-secret.svg&quot;,&quot;tempUrl&quot;:&quot;&quot;,&quot;meta&quot;:{&quot;height&quot;:512,&quot;width&quot;:448},&quot;query&quot;:&quot;users&quot;,&quot;uploadStatus&quot;:3}\" class=\"layout-item\" data-pm-slice=\"2 2 [&quot;document&quot;,{&quot;aiOptions&quot;:{&quot;preserveLayouts&quot;:false,&quot;imageOptions&quot;:{&quot;license&quot;:&quot;All&quot;,&quot;provider&quot;:&quot;unsplash&quot;,&quot;model&quot;:&quot;flux-kontext-pro&quot;,&quot;stylePreset&quot;:&quot;Theme&quot;}},&quot;docId&quot;:&quot;5il49r4kb5u0j5w&quot;,&quot;background&quot;:{&quot;type&quot;:&quot;none&quot;},&quot;docFlags&quot;:{&quot;cardLayoutsEnabled&quot;:true},&quot;format&quot;:&quot;webpage&quot;,&quot;customCode&quot;:{},&quot;settings&quot;:{&quot;defaultFullBleed&quot;:&quot;full&quot;,&quot;stylesDerivedFrom&quot;:&quot;webpage_fluid&quot;,&quot;cardDimensions&quot;:&quot;fluid&quot;,&quot;verticalAlign&quot;:&quot;center&quot;,&quot;defaultContentWidth&quot;:&quot;md&quot;,&quot;fontSize&quot;:&quot;sm&quot;,&quot;scaleContentToFit&quot;:false,&quot;animationsEnabled&quot;:true},&quot;generateStatus&quot;:&quot;done&quot;,&quot;generateInfo&quot;:{&quot;interactionId&quot;:&quot;5gof0ly3rrygf5r&quot;,&quot;streamId&quot;:&quot;5il49r4kb5u0j5w&quot;,&quot;lastEventId&quot;:&quot;8&quot;,&quot;lastCompletedCardId&quot;:&quot;utyp32uj7uxcrib&quot;,&quot;lastCompletedCardIndex&quot;:7}},&quot;card&quot;,{&quot;id&quot;:&quot;lwcqth8w5b4jn6x&quot;,&quot;previewContent&quot;:null,&quot;background&quot;:{&quot;type&quot;:&quot;none&quot;},&quot;container&quot;:{},&quot;cardSize&quot;:&quot;default&quot;,&quot;layout&quot;:&quot;right&quot;,&quot;layoutTemplateColumns&quot;:&quot;62.5% 37.5%&quot;,&quot;layoutTemplateRows&quot;:null,&quot;verticalAlign&quot;:null,&quot;generatorInput&quot;:null,&quot;fontScale&quot;:null,&quot;cardMarginSettings&quot;:{},&quot;hidden&quot;:false},&quot;cardLayoutItem&quot;,{&quot;itemId&quot;:&quot;body&quot;},&quot;smartLayout&quot;,{&quot;variantKey&quot;:&quot;iconsText&quot;,&quot;options&quot;:{&quot;imagePosition&quot;:&quot;top&quot;,&quot;shapeSize&quot;:&quot;lg&quot;},&quot;fullWidthBlock&quot;:false}]\" style=\"white-space: normal\"><h4>Mentoring<\/h4><\/div><span style=\"font-family: inherit;font-size: inherit;font-style: inherit;white-space: normal;letter-spacing: var(--theme-letter-spacing);text-transform: var(--theme-text-transform);text-decoration: var(--theme-text-decoration)\">Indywidualne prowadzenie kadry zarz\u0105dzaj\u0105cej i zespo\u0142\u00f3w projektowych, dzielenie si\u0119 wiedz\u0105 i do\u015bwiadczeniem, wsparcie w rozwoju kompetencji przyw\u00f3dczych i decyzyjnych.<\/span>\t\t\t\t\t<\/div>\n\t\t\t\t\n\t\t\t\t\t\t\t<\/div>\n\t\t\t\t\t\t<\/div>\n\t\t\t\t\t\t<\/div>\n\t\t\t\t<div class=\"elementor-element elementor-element-3e3d6fbf elementor-cta--layout-image-left elementor-cta--mobile-layout-image-above elementor-cta--tablet-layout-image-above elementor-cta--skin-classic elementor-animated-content elementor-bg-transform elementor-bg-transform-zoom-in elementor-widget elementor-widget-call-to-action\" data-id=\"3e3d6fbf\" data-element_type=\"widget\" data-widget_type=\"call-to-action.default\">\n\t\t\t\t\t\t\t<div class=\"elementor-cta\">\n\t\t\t\t\t<div class=\"elementor-cta__bg-wrapper\">\n\t\t\t\t<div class=\"elementor-cta__bg elementor-bg\" style=\"background-image: url(https:\/\/projektperfekt.pl\/wp-content\/uploads\/2026\/01\/AdobeStock_799278374-scaled.jpeg);\" role=\"img\" aria-label=\"Businesspeople holding a trophy at the office, excellence recognition achievement business teamwork\"><\/div>\n\t\t\t\t<div class=\"elementor-cta__bg-overlay\"><\/div>\n\t\t\t<\/div>\n\t\t\t\t\t\t\t<div class=\"elementor-cta__content\">\n\t\t\t\t\n\t\t\t\t\t\t\t\t\t<h2 class=\"elementor-cta__title elementor-cta__content-item elementor-content-item\">\n\t\t\t\t\t\tWsp\u00f3lny plan dzia\u0142ania<br>\t\t\t\t\t<\/h2>\n\t\t\t\t\n\t\t\t\t\t\t\t\t\t<div class=\"elementor-cta__description elementor-cta__content-item elementor-content-item\">\n\t\t\t\t\t\tTo Ty decydujesz o kolejnych krokach wsp\u00f3lnie wypracowanej wizji Twojego wdra\u017canego projektu.\n\t\t\t\t\t<\/div>\n\t\t\t\t\n\t\t\t\t\t\t\t<\/div>\n\t\t\t\t\t\t<\/div>\n\t\t\t\t\t\t<\/div>\n\t\t<div class=\"elementor-element elementor-element-23624a52 e-con-full e-flex e-con e-child\" data-id=\"23624a52\" data-element_type=\"container\">\n\t\t\t\t<\/div>\n\t\t\t\t<\/div>\n\t\t\t\t<\/div>\n\t\t","protected":false},"excerpt":{"rendered":"<p>O mnie&#8230; Od ponad dekady wspieram firmy w osi\u0105ganiu ich cel\u00f3w strategicznych, oferuj\u0105c kompleksowe doradztwo oparte na solidnych fundamentach analitycznych i g\u0142\u0119bokiej wiedzy bran\u017cowej. Moj\u0105 misj\u0105 jest dostarczanie praktycznych rozwi\u0105za\u0144, kt\u00f3re przynosz\u0105 wymierne korzy\u015bci moim klientom. \u0141\u0105cz\u0119 do\u015bwiadczenie z innowacyjnym podej\u015bciem, aby tworzy\u0107 strategie dostosowane do unikalnych potrzeb ka\u017cdej organizacji. Tw\u00f3j Partner w Rozwoju Biznesu [&hellip;]<\/p>\n","protected":false},"author":1,"featured_media":157,"parent":0,"menu_order":0,"comment_status":"closed","ping_status":"closed","template":"elementor_header_footer","meta":{"footnotes":""},"class_list":["post-147","page","type-page","status-publish","has-post-thumbnail","hentry"],"blocksy_meta":[],"_links":{"self":[{"href":"https:\/\/projektperfekt.pl\/index.php\/wp-json\/wp\/v2\/pages\/147","targetHints":{"allow":["GET"]}}],"collection":[{"href":"https:\/\/projektperfekt.pl\/index.php\/wp-json\/wp\/v2\/pages"}],"about":[{"href":"https:\/\/projektperfekt.pl\/index.php\/wp-json\/wp\/v2\/types\/page"}],"author":[{"embeddable":true,"href":"https:\/\/projektperfekt.pl\/index.php\/wp-json\/wp\/v2\/users\/1"}],"replies":[{"embeddable":true,"href":"https:\/\/projektperfekt.pl\/index.php\/wp-json\/wp\/v2\/comments?post=147"}],"version-history":[{"count":97,"href":"https:\/\/projektperfekt.pl\/index.php\/wp-json\/wp\/v2\/pages\/147\/revisions"}],"predecessor-version":[{"id":351,"href":"https:\/\/projektperfekt.pl\/index.php\/wp-json\/wp\/v2\/pages\/147\/revisions\/351"}],"wp:featuredmedia":[{"embeddable":true,"href":"https:\/\/projektperfekt.pl\/index.php\/wp-json\/wp\/v2\/media\/157"}],"wp:attachment":[{"href":"https:\/\/projektperfekt.pl\/index.php\/wp-json\/wp\/v2\/media?parent=147"}],"curies":[{"name":"wp","href":"https:\/\/api.w.org\/{rel}","templated":true}]}}